
{"id":54,"date":"2024-02-12T12:54:07","date_gmt":"2024-02-12T11:54:07","guid":{"rendered":"https:\/\/wp.local\/?page_id=54"},"modified":"2025-03-24T23:59:25","modified_gmt":"2025-03-24T22:59:25","slug":"qui-sommes-nous","status":"publish","type":"page","link":"https:\/\/siocachan.fr\/index.php\/qui-sommes-nous\/","title":{"rendered":"La formation"},"content":{"rendered":"\n<h4 class=\"wp-block-heading\">Introduction<\/h4>\n\n\n\n<p>Les deux options propos\u00e9es par le BTS SIO sont :<\/p>\n\n\n\n<ul class=\"wp-block-list\">\n<li>SLAM \u2013 Solutions logicielles et applications m\u00e9tiers<\/li>\n\n\n\n<li>SISR \u2013 Solutions d\u2019infrastructures, syst\u00e8mes et r\u00e9seaux<\/li>\n<\/ul>\n\n\n\n<p>Le programme de ce BTS en informatique se d\u00e9compose en une base d\u2019enseignement g\u00e9n\u00e9ral : culture g\u00e9n\u00e9rale, math\u00e9matiques et algorithmique appliqu\u00e9s \u00e0 l\u2019informatique, \u00e9conomie, management et droit de l\u2019informatique. En fonction de l\u2019option choisie, l\u2019enseignement professionnel s\u2019articulera autour de l\u2019installation et la maintenance de serveurs, le param\u00e9trage de VLAN\u2019S, la s\u00e9curisation des r\u00e9seaux pour le BTS SIO option SISR et le d\u00e9veloppement et la programmation d\u2019applications, la cr\u00e9ation de site web dynamique ou encore la conception et l\u2019administration de base de donn\u00e9es pour le BTS SIO option SLAM.<\/p>\n\n\n\n<h4 class=\"wp-block-heading\">Les comp\u00e9tences communes<\/h4>\n\n\n\n<ul class=\"wp-block-list\">\n<li>G\u00e9rer le patrimoine informatique<\/li>\n\n\n\n<li>R\u00e9pondre aux incidents et aux demandes d\u2019assistance et d\u2019\u00e9volution<\/li>\n\n\n\n<li>D\u00e9velopper la pr\u00e9sence en ligne de l\u2019organisation<\/li>\n\n\n\n<li>Travailler en mode projet<\/li>\n\n\n\n<li>Mettre \u00e0 disposition des utilisateurs un service informatique<\/li>\n\n\n\n<li>Organiser son d\u00e9veloppement professionnel<\/li>\n\n\n\n<li>Prot\u00e9ger les donn\u00e9es \u00e0 caract\u00e8re personnel<\/li>\n\n\n\n<li>Pr\u00e9server l\u2019identit\u00e9 num\u00e9rique de l\u2019organisation\u00a0<\/li>\n\n\n\n<li>S\u00e9curiser les \u00e9quipements et les usages des utilisateurs<\/li>\n\n\n\n<li>Garantir la disponibilit\u00e9, l\u2019int\u00e9grit\u00e9 et la confidentialit\u00e9 des services informatiques et des donn\u00e9es de l\u2019organisation face \u00e0 des cyberattaques<\/li>\n\n\n\n<li>Assurer la cybers\u00e9curit\u00e9 d\u2019une infrastructure r\u00e9seau, d\u2019un syst\u00e8me, d\u2019un service<\/li>\n<\/ul>\n\n\n\n<h4 class=\"wp-block-heading\">Les comp\u00e9tences sp\u00e9cifiques SLAM<\/h4>\n\n\n\n<ul class=\"wp-block-list\">\n<li>Concevoir une solution<\/li>\n\n\n\n<li>Assurer la maintenance corrective ou \u00e9volutive d\u2019une solution applicative<\/li>\n\n\n\n<li>G\u00e9rer les donn\u00e9es<\/li>\n<\/ul>\n\n\n\n<h4 class=\"wp-block-heading\">Les comp\u00e9tences sp\u00e9cifiques SISR<\/h4>\n\n\n\n<ul class=\"wp-block-list\">\n<li>Concevoir une solution d\u2019infrastructure r\u00e9seau<\/li>\n\n\n\n<li>Installer, tester et d\u00e9ployer une solution d\u2019infrastructure r\u00e9seau<\/li>\n\n\n\n<li>Exploiter, d\u00e9panner et superviser une solution d\u2019infrastructure r\u00e9seau<\/li>\n<\/ul>\n\n\n\n<h4 class=\"wp-block-heading\">Les Horaires<\/h4>\n\n\n\n<p><strong>1\u00e8re ann\u00e9e<\/strong>: 36h00 de cours par semaine soit 13h00 d\u2019enseignement g\u00e9n\u00e9ral et 23h d\u2019enseignement professionnel.<\/p>\n\n\n\n<p><strong>2\u00e8me ann\u00e9e<\/strong>: 34h00 de cours par semaine soit 11h00 d\u2019enseignement g\u00e9n\u00e9ral et 23h00 d\u2019enseignement professionnel.<\/p>\n\n\n\n<h4 class=\"wp-block-heading\">Les stages<\/h4>\n\n\n\n<ul class=\"wp-block-list\">\n<li>Dur\u00e9e de 4 \u00e0 5 semaines en 1\u00e8re ann\u00e9e<\/li>\n\n\n\n<li>Dur\u00e9e de 5 \u00e0 6 semaines en 2\u00e8me ann\u00e9e<\/li>\n\n\n\n<li>Dur\u00e9e de 10 semaines obligatoires durant les deux ann\u00e9es pour valider l\u2019examen<\/li>\n<\/ul>\n\n\n\n<h4 class=\"wp-block-heading\">Examen et voie scolaire<\/h4>\n\n\n\n<p><strong>Contr\u00f4les en cours de formation (CCF)<\/strong><\/p>\n\n\n\n<ul class=\"wp-block-list\">\n<li>E2 \u2013 Math\u00e9matiques pour l\u2019informatique<\/li>\n\n\n\n<li>E4 \u2013 Support et mise \u00e0 disposition de services informatiques<\/li>\n\n\n\n<li>E5 \u2013 Administration des syst\u00e8mes et des r\u00e9seaux<\/li>\n<\/ul>\n\n\n\n<p><strong>\u00c9preuves ponctuelles<\/strong><\/p>\n\n\n\n<ul class=\"wp-block-list\">\n<li>E1 \u2013 Culture et communication<\/li>\n\n\n\n<li>E3 \u2013 Culture \u00e9conomique, juridique et manag\u00e9riale pour l\u2019informatique<\/li>\n\n\n\n<li>E6 \u2013 Cybers\u00e9curit\u00e9 des services informatiques<\/li>\n<\/ul>\n\n\n\n<p><strong>\u00c9preuves facultatives<\/strong><\/p>\n\n\n\n<p>Parcours de certification compl\u00e9mentaire : ponctuelle orale<\/p>\n\n\n\n<p>Langue vivante 2 : ponctuelle orale<\/p>\n\n\n\n<p>Math\u00e9matiques approfondies : ponctuelle \u00e9crite<\/p>\n","protected":false},"excerpt":{"rendered":"<p>Introduction Les deux options propos\u00e9es par le BTS SIO sont : Le programme de ce BTS en informatique se d\u00e9compose en une base d\u2019enseignement g\u00e9n\u00e9ral : culture g\u00e9n\u00e9rale, math\u00e9matiques et algorithmique appliqu\u00e9s \u00e0 l\u2019informatique, \u00e9conomie, management et droit de l\u2019informatique. En fonction de l\u2019option choisie, l\u2019enseignement professionnel s\u2019articulera autour de l\u2019installation et la maintenance de [&hellip;]<\/p>\n","protected":false},"author":1,"featured_media":0,"parent":0,"menu_order":0,"comment_status":"closed","ping_status":"closed","template":"","meta":{"_acf_changed":false,"footnotes":""},"class_list":["post-54","page","type-page","status-publish","hentry"],"acf":[],"_links":{"self":[{"href":"https:\/\/siocachan.fr\/index.php\/wp-json\/wp\/v2\/pages\/54","targetHints":{"allow":["GET"]}}],"collection":[{"href":"https:\/\/siocachan.fr\/index.php\/wp-json\/wp\/v2\/pages"}],"about":[{"href":"https:\/\/siocachan.fr\/index.php\/wp-json\/wp\/v2\/types\/page"}],"author":[{"embeddable":true,"href":"https:\/\/siocachan.fr\/index.php\/wp-json\/wp\/v2\/users\/1"}],"replies":[{"embeddable":true,"href":"https:\/\/siocachan.fr\/index.php\/wp-json\/wp\/v2\/comments?post=54"}],"version-history":[{"count":5,"href":"https:\/\/siocachan.fr\/index.php\/wp-json\/wp\/v2\/pages\/54\/revisions"}],"predecessor-version":[{"id":371,"href":"https:\/\/siocachan.fr\/index.php\/wp-json\/wp\/v2\/pages\/54\/revisions\/371"}],"wp:attachment":[{"href":"https:\/\/siocachan.fr\/index.php\/wp-json\/wp\/v2\/media?parent=54"}],"curies":[{"name":"wp","href":"https:\/\/api.w.org\/{rel}","templated":true}]}}